{"id":141,"date":"2020-06-25T17:46:25","date_gmt":"2020-06-25T15:46:25","guid":{"rendered":"http:\/\/quartierdupotager-meudon.fr\/?page_id=141"},"modified":"2025-02-11T13:06:03","modified_gmt":"2025-02-11T12:06:03","slug":"le-quartier","status":"publish","type":"page","link":"https:\/\/quartierdupotager-meudon.fr\/?page_id=141","title":{"rendered":"Le Quartier"},"content":{"rendered":"\n<div class=\"wp-block-group\"><div class=\"wp-block-group__inner-container\">\n<ul><li><span class=\"has-inline-color has-black-color\"><a href=\"#Delimitation\"><strong>Pr\u00e9sentation du Quartier<\/strong><\/a><\/span><\/li><li><span class=\"has-inline-color has-black-color\"><a href=\"#Parcours\"><strong>Parcours d\u00e9couverte<\/strong><\/a><\/span><\/li><\/ul>\n<\/div><\/div>\n\n\n\n<div class=\"wp-block-group\"><div class=\"wp-block-group__inner-container\">\n<p class=\"has-text-align-center\"><strong><span class=\"has-inline-color has-black-color\">__________________________<\/span><\/strong><\/p>\n<\/div><\/div>\n\n\n\n<h4 class=\"has-text-align-center\" id=\"Delimitation\"><em><strong><span class=\"has-inline-color has-black-color\">Pr\u00e9sentation du Quartier<\/span><\/strong><\/em><\/h4>\n\n\n\n<p class=\"has-text-align-center\"><strong><span class=\"has-inline-color has-black-color\">__________________________<\/span><\/strong><\/p>\n\n\n\n<p>Le triangle d\u00e9limit\u00e9 par l\u2019avenue du Ch\u00e2teau, l\u2019avenue Jacqueminot et le boulevard des Nations Unies , constitue \u00ab Le quartier du Potager du Dauphin \u00bb .<\/p>\n\n\n\n<div class=\"wp-block-image\"><figure class=\"aligncenter size-large\"><img loading=\"lazy\" width=\"1024\" height=\"575\" src=\"http:\/\/quartierdupotager-meudon.fr\/wp-content\/uploads\/2020\/06\/Zone_quartier-1024x575.png\" alt=\"\" class=\"wp-image-209\" srcset=\"https:\/\/quartierdupotager-meudon.fr\/wp-content\/uploads\/2020\/06\/Zone_quartier-1024x575.png 1024w, https:\/\/quartierdupotager-meudon.fr\/wp-content\/uploads\/2020\/06\/Zone_quartier-300x169.png 300w, https:\/\/quartierdupotager-meudon.fr\/wp-content\/uploads\/2020\/06\/Zone_quartier-768x431.png 768w, https:\/\/quartierdupotager-meudon.fr\/wp-content\/uploads\/2020\/06\/Zone_quartier.png 1237w\" sizes=\"(max-width: 1024px) 100vw, 1024px\" \/><\/figure><\/div>\n\n\n\n<p>Situ\u00e9 sur un coteau \u00e0 forte d\u00e9clivit\u00e9 ce quartier pavillonnaire est en continuit\u00e9 avec le \u00ab domaine naturel royal national \u00bb , et forme une zone de transition entre la ville et la for\u00eat. C\u2019est l\u2019un des secteurs qui incarne le mieux l\u2019identit\u00e9 m\u00eame de la ville de Meudon, en contrebas de l\u2019avenue du Ch\u00e2teau (class\u00e9e monument historique).<br>Le quartier du Potager du Dauphin est particuli\u00e8rement agr\u00e9able pour tous les Meudonnais. Ils en appr\u00e9cient la qui\u00e9tude, le caract\u00e8re familial, la mixit\u00e9 des g\u00e9n\u00e9rations qui en font une sorte de \u00ab village \u00bb.<br>Ses maisons sont entour\u00e9es d\u2019un tissu v\u00e9g\u00e9tal dense avec de nombreux c\u0153urs d\u2019ilots, des arbres de grand port et une faune abondante.<\/p>\n\n\n\n<div class=\"wp-block-image\"><figure class=\"aligncenter size-large\"><img loading=\"lazy\" width=\"757\" height=\"756\" src=\"http:\/\/quartierdupotager-meudon.fr\/wp-content\/uploads\/2020\/07\/Plan_Potager.jpg\" alt=\"\" class=\"wp-image-346\" srcset=\"https:\/\/quartierdupotager-meudon.fr\/wp-content\/uploads\/2020\/07\/Plan_Potager.jpg 757w, https:\/\/quartierdupotager-meudon.fr\/wp-content\/uploads\/2020\/07\/Plan_Potager-300x300.jpg 300w, https:\/\/quartierdupotager-meudon.fr\/wp-content\/uploads\/2020\/07\/Plan_Potager-150x150.jpg 150w\" sizes=\"(max-width: 757px) 100vw, 757px\" \/><\/figure><\/div>\n\n\n\n<p>Plusieurs de ces maisons pr\u00e9sentent une architecture remarquable ou tr\u00e8s significative de leur \u00e9poque de construction, pour la majorit\u00e9 d\u2019entre elles sur la p\u00e9riode 1890-1930, avec pour beaucoup des vues int\u00e9ressantes notamment sur Paris.<br>Le quartier est ordonnanc\u00e9 autour d\u2019un \u00eelot central :<br><strong>La partie publique qui subsiste de l\u2019ancien Potager du Dauphin cr\u00e9\u00e9 au 17e si\u00e8cle, avec ses grilles, ses murs en grande partie d\u2019origine (certaines parties sont situ\u00e9es dans des propri\u00e9t\u00e9s priv\u00e9es), son parc et une belle construction du milieu du 19e si\u00e8cle.<\/strong><\/p>\n\n\n\n<div class=\"wp-block-image\"><figure class=\"aligncenter size-large\"><img loading=\"lazy\" width=\"1024\" height=\"684\" src=\"http:\/\/quartierdupotager-meudon.fr\/wp-content\/uploads\/2020\/06\/DSC_5685-1024x684.jpg\" alt=\"\" class=\"wp-image-179\" srcset=\"https:\/\/quartierdupotager-meudon.fr\/wp-content\/uploads\/2020\/06\/DSC_5685-1024x684.jpg 1024w, https:\/\/quartierdupotager-meudon.fr\/wp-content\/uploads\/2020\/06\/DSC_5685-300x200.jpg 300w, https:\/\/quartierdupotager-meudon.fr\/wp-content\/uploads\/2020\/06\/DSC_5685-768x513.jpg 768w, https:\/\/quartierdupotager-meudon.fr\/wp-content\/uploads\/2020\/06\/DSC_5685-1536x1025.jpg 1536w, https:\/\/quartierdupotager-meudon.fr\/wp-content\/uploads\/2020\/06\/DSC_5685-2048x1367.jpg 2048w\" sizes=\"(max-width: 1024px) 100vw, 1024px\" \/><\/figure><\/div>\n\n\n\n<p>Ce quartier, lieu de promenade tr\u00e8s fr\u00e9quent\u00e9 par tous les Meudonnais et les habitants des communes voisines est \u00e9galement travers\u00e9 par le \u00ab Chemin de Petite Randonn\u00e9e \u00bb PR7.<br>Des peintres l\u2019ont repr\u00e9sent\u00e9, des films y ont \u00e9t\u00e9 tourn\u00e9s, des \u00e9v\u00e9nements sp\u00e9cifiques s\u2019y sont produits, des personnages connus y ont v\u00e9cu.<\/p>\n\n\n\n<p>Le quartier b\u00e9n\u00e9ficie d\u2019une double protection\u00a0:<\/p>\n\n\n\n<ul><li>Protection g\u00e9n\u00e9rale r\u00e9sultant de l\u2019application de r\u00e8gles propres au sous-secteur U3C-10 couvrant le quartier du Potager du Dauphin et les abords c\u00f4t\u00e9 ouest de l\u2019avenue du Ch\u00e2teau<\/li><\/ul>\n\n\n\n<ul><li>Protection sp\u00e9cifique r\u00e9sultant du classement, au titre du patrimoine prot\u00e9g\u00e9 par le PLUi, de nombreux b\u00e2timents et arbres mais aussi de deux \u00ab\u00a0ensembles d\u2019int\u00e9r\u00eat urbain\u00a0\u00bb\u00a0: noyau central du quartier autour du parc du Potager du Dauphin et la maison Wagner et les maisons contigu\u00ebs.\u00a0\u00bb<\/li><\/ul>\n\n\n\n<figure class=\"wp-block-image size-large\"><img loading=\"lazy\" width=\"773\" height=\"675\" src=\"https:\/\/quartierdupotager-meudon.fr\/wp-content\/uploads\/2025\/02\/image.png\" alt=\"\" class=\"wp-image-1023\" srcset=\"https:\/\/quartierdupotager-meudon.fr\/wp-content\/uploads\/2025\/02\/image.png 773w, https:\/\/quartierdupotager-meudon.fr\/wp-content\/uploads\/2025\/02\/image-300x262.png 300w, https:\/\/quartierdupotager-meudon.fr\/wp-content\/uploads\/2025\/02\/image-768x671.png 768w\" sizes=\"(max-width: 773px) 100vw, 773px\" \/><\/figure>\n\n\n\n<div class=\"wp-block-group\"><div class=\"wp-block-group__inner-container\">\n<p class=\"has-text-align-center\"><strong><span class=\"has-inline-color has-black-color\">__________________________<\/span><\/strong><\/p>\n<\/div><\/div>\n\n\n\n<h4 class=\"has-text-align-center\" id=\"Parcours\"><em><strong><span class=\"has-inline-color has-black-color\">Parcours d\u00e9couverte<\/span><\/strong><\/em><\/h4>\n\n\n\n<p class=\"has-text-align-center\"><strong><span class=\"has-inline-color has-black-color\">__________________________<\/span><\/strong><\/p>\n\n\n\n<p>Nous avons r\u00e9alis\u00e9 trois parcours que nous proposons r\u00e9guli\u00e8rement pour d\u00e9couvrir notre quartier:<\/p>\n\n\n\n<figure class=\"wp-block-image size-large\"><img loading=\"lazy\" width=\"1024\" height=\"512\" src=\"https:\/\/quartierdupotager-meudon.fr\/wp-content\/uploads\/2025\/02\/image-1-1024x512.png\" alt=\"\" class=\"wp-image-1026\" srcset=\"https:\/\/quartierdupotager-meudon.fr\/wp-content\/uploads\/2025\/02\/image-1-1024x512.png 1024w, https:\/\/quartierdupotager-meudon.fr\/wp-content\/uploads\/2025\/02\/image-1-300x150.png 300w, https:\/\/quartierdupotager-meudon.fr\/wp-content\/uploads\/2025\/02\/image-1-768x384.png 768w, https:\/\/quartierdupotager-meudon.fr\/wp-content\/uploads\/2025\/02\/image-1.png 1157w\" sizes=\"(max-width: 1024px) 100vw, 1024px\" \/><\/figure>\n","protected":false},"excerpt":{"rendered":"<p>Pr\u00e9sentation du Quartier __________________________ Le triangle d\u00e9limit\u00e9 par l\u2019avenue du Ch\u00e2teau, l\u2019avenue Jacqueminot et le boulevard des Nations Unies , constitue \u00ab Le quartier du&hellip;<\/p>\n","protected":false},"author":1,"featured_media":178,"parent":0,"menu_order":0,"comment_status":"closed","ping_status":"closed","template":"","meta":[],"_links":{"self":[{"href":"https:\/\/quartierdupotager-meudon.fr\/index.php?rest_route=\/wp\/v2\/pages\/141"}],"collection":[{"href":"https:\/\/quartierdupotager-meudon.fr\/index.php?rest_route=\/wp\/v2\/pages"}],"about":[{"href":"https:\/\/quartierdupotager-meudon.fr\/index.php?rest_route=\/wp\/v2\/types\/page"}],"author":[{"embeddable":true,"href":"https:\/\/quartierdupotager-meudon.fr\/index.php?rest_route=\/wp\/v2\/users\/1"}],"replies":[{"embeddable":true,"href":"https:\/\/quartierdupotager-meudon.fr\/index.php?rest_route=%2Fwp%2Fv2%2Fcomments&post=141"}],"version-history":[{"count":34,"href":"https:\/\/quartierdupotager-meudon.fr\/index.php?rest_route=\/wp\/v2\/pages\/141\/revisions"}],"predecessor-version":[{"id":1028,"href":"https:\/\/quartierdupotager-meudon.fr\/index.php?rest_route=\/wp\/v2\/pages\/141\/revisions\/1028"}],"wp:featuredmedia":[{"embeddable":true,"href":"https:\/\/quartierdupotager-meudon.fr\/index.php?rest_route=\/wp\/v2\/media\/178"}],"wp:attachment":[{"href":"https:\/\/quartierdupotager-meudon.fr\/index.php?rest_route=%2Fwp%2Fv2%2Fmedia&parent=141"}],"curies":[{"name":"wp","href":"https:\/\/api.w.org\/{rel}","templated":true}]}}