{"id":145,"date":"2020-06-25T17:46:25","date_gmt":"2020-06-25T15:46:25","guid":{"rendered":"http:\/\/quartierdupotager-meudon.fr\/?page_id=145"},"modified":"2021-12-23T17:48:29","modified_gmt":"2021-12-23T16:48:29","slug":"contact","status":"publish","type":"page","link":"https:\/\/quartierdupotager-meudon.fr\/?page_id=145","title":{"rendered":"Contact"},"content":{"rendered":"\n<p>Vous pouvez nous contacter par email \u00e0 l&rsquo;adresse suivante :<a href=\"mailto:contact@quartierdupotager-meudon.fr\" target=\"_blank\" rel=\"noreferrer noopener\"> contact@quartierdupotager-meudon.fr<\/a><\/p>\n\n\n\n<p>Vous pouvez aussi nous adresser un courrier \u00e0 notre adresse postale : <\/p>\n\n\n\n<div class=\"wp-block-group\"><div class=\"wp-block-group__inner-container\">\n<p><strong>ARQP<\/strong>    <strong>18 Rue Valentine<\/strong>    <strong>92190 MEUDON<\/strong><\/p>\n<\/div><\/div>\n\n\n\n<p>L&rsquo;association ARQP est r\u00e9f\u00e9renc\u00e9e sur la <a href=\"https:\/\/www.meudon.fr\/vie-pratique\/associations-3101.html\" target=\"_blank\" rel=\"noreferrer noopener\">page des associations<\/a> de la mairie de Meudon.<\/p>\n","protected":false},"excerpt":{"rendered":"<p>Vous pouvez nous contacter par email \u00e0 l&rsquo;adresse suivante : contact@quartierdupotager-meudon.fr Vous pouvez aussi nous adresser un courrier \u00e0 notre adresse postale : L&rsquo;association ARQP&hellip;<\/p>\n","protected":false},"author":1,"featured_media":274,"parent":0,"menu_order":0,"comment_status":"closed","ping_status":"closed","template":"","meta":[],"_links":{"self":[{"href":"https:\/\/quartierdupotager-meudon.fr\/index.php?rest_route=\/wp\/v2\/pages\/145"}],"collection":[{"href":"https:\/\/quartierdupotager-meudon.fr\/index.php?rest_route=\/wp\/v2\/pages"}],"about":[{"href":"https:\/\/quartierdupotager-meudon.fr\/index.php?rest_route=\/wp\/v2\/types\/page"}],"author":[{"embeddable":true,"href":"https:\/\/quartierdupotager-meudon.fr\/index.php?rest_route=\/wp\/v2\/users\/1"}],"replies":[{"embeddable":true,"href":"https:\/\/quartierdupotager-meudon.fr\/index.php?rest_route=%2Fwp%2Fv2%2Fcomments&post=145"}],"version-history":[{"count":27,"href":"https:\/\/quartierdupotager-meudon.fr\/index.php?rest_route=\/wp\/v2\/pages\/145\/revisions"}],"predecessor-version":[{"id":769,"href":"https:\/\/quartierdupotager-meudon.fr\/index.php?rest_route=\/wp\/v2\/pages\/145\/revisions\/769"}],"wp:featuredmedia":[{"embeddable":true,"href":"https:\/\/quartierdupotager-meudon.fr\/index.php?rest_route=\/wp\/v2\/media\/274"}],"wp:attachment":[{"href":"https:\/\/quartierdupotager-meudon.fr\/index.php?rest_route=%2Fwp%2Fv2%2Fmedia&parent=145"}],"curies":[{"name":"wp","href":"https:\/\/api.w.org\/{rel}","templated":true}]}}